{"id":136,"date":"2026-03-29T13:15:39","date_gmt":"2026-03-29T13:15:39","guid":{"rendered":"https:\/\/maskuliinisuus.fi\/?page_id=136"},"modified":"2026-03-29T13:22:14","modified_gmt":"2026-03-29T13:22:14","slug":"treenaus","status":"publish","type":"page","link":"https:\/\/maskuliinisuus.fi\/index.php\/treenaus\/","title":{"rendered":"Treenaus."},"content":{"rendered":"\n<p>Tervehdys!<\/p>\n\n\n\n<p>Edellisiss\u00e4 kirjoituksissa mainitsin ett\u00e4 salille ei ole pakko menn\u00e4 jos haluat testot nousuun. Jos olet esimerkiksi maanviljelij\u00e4 ja p\u00e4iv\u00e4si koostuu enemm\u00e4n tai v\u00e4hemm\u00e4n fyysisest\u00e4 ponnistelusta, saa kroppa signaalin ett\u00e4 testoa on lis\u00e4tt\u00e4v\u00e4 ett\u00e4 hommat toimii ja palautuminen tapahtuu.<br><br>Jos nyt kuitenkin p\u00e4\u00e4t\u00e4t salille heilahtaa, mit\u00e4 suosittelen useimmille, lue seuraava.<br><br>Kuntosali. Tuo mystinen paikka johon on niin kovin vaikea raahautua, johtuen paljolti arvostelun pelosta ja itsens\u00e4 vertailusta jo edistyneempiin treenaajiin.&nbsp;<\/p>\n\n\n\n<p>Salikulttuuri on ennakkoluuloista poiketen useimmiten kannustavaa ja apua sek\u00e4 vinkkej\u00e4 saa kun vaan kysyy.&nbsp; Salille menoa ja treenauksen aloitusta on turha j\u00e4nnitt\u00e4\u00e4. Ket\u00e4\u00e4n muuta, kuin sinua itse\u00e4si, ei kiinnosta miss\u00e4 kunnossa olet salille menness\u00e4si.<br><br>No nyt kun on kannustus puheet pidetty, menn\u00e4\u00e4n itse asiaan.<br><\/p>\n\n\n\n<p>Treeniohjelma kannattaa valita fiksusti, koska kehityksen kannalta on suuri merkitys miten aikasi tuolla salilla kulutat.&nbsp;<\/p>\n\n\n\n<h2 class=\"wp-block-heading\"><br>Moninivel liikkeet.<br><\/h2>\n\n\n\n<p>L\u00e4mmittelyn j\u00e4lkeen aloita treenisi moninivel liikkeell\u00e4, koska niill\u00e4 hormonisi her\u00e4\u00e4v\u00e4t heti alku treenist\u00e4. Kyseiset liikkeet ovat my\u00f6s raskaita joten ne on hyv\u00e4 tehd\u00e4 heti alkuun, kun puhtia viel\u00e4 on.<br><\/p>\n\n\n\n<p>Moninivel liikkeit\u00e4 ovat :&nbsp;<\/p>\n\n\n\n<p><br>Jaloille : Kyykyt(takakyykky, etukyykky, askelkyykky, hack-kyykky), pr\u00e4ssi, maastavedon eri variaatiot.<br><br>Yl\u00e4kropan ty\u00f6nt\u00e4v\u00e4t : Penkki(normi, vino, kapea) , pystypunnerrus, dippi.<\/p>\n\n\n\n<p>Yl\u00e4kropan vet\u00e4v\u00e4t : Leuanveto, kulmasoutu, yl\u00e4talja.<br><br><\/p>\n\n\n\n<h2 class=\"wp-block-heading\">Harjoittelun kesto.&nbsp;<\/h2>\n\n\n\n<p>Harjoittelun kesto on hyv\u00e4 pit\u00e4\u00e4 alle tunnissa, 10 minuutin l\u00e4mmittely ja 45 minuuttia tehokasta treenausta, enemm\u00e4n ei ole enemm\u00e4n t\u00e4ss\u00e4 yhteydess\u00e4. Jos treenisi alkaa venym\u00e4\u00e4n pidemm\u00e4ksi, teet kehityksellesi vahinkoa. Testosteroni sek\u00e4 kasvuhormoni tasot alkavat laskea tuon ajan j\u00e4lkeen ja kehitys alkaa menn\u00e4 negatiivisen puolella.&nbsp;<\/p>\n\n\n\n<p>My\u00f6s energiavarastot alkavat ehty\u00e4 tunnin intensiivisen treenin j\u00e4lkeen jos niit\u00e4 ei t\u00e4ytet\u00e4 treenin aikana.<br><br>Pid\u00e4 siis harjoittelusi tehokkaana ja lyhyen\u00e4.&nbsp;<\/p>\n\n\n\n<p>Salilla ei my\u00f6sk\u00e4\u00e4n tarvi joka p\u00e4iv\u00e4 heilua saavuttaakseen maskuliinisen olemuksen ja aivokemian. Riitt\u00e4\u00e4 ett\u00e4 k\u00e4yt sen 3 kertaa viikkoon tuon tunnin uhraamassa el\u00e4m\u00e4st\u00e4si ja lupaan ett\u00e4 tulokset alkavat n\u00e4ky\u00e4 kunhan lepo sek\u00e4 ravinto on my\u00f6s linjassa tekemisen kanssa.&nbsp;<\/p>\n\n\n\n<h2 class=\"wp-block-heading\">Intensiteetti.<br><\/h2>\n\n\n\n<p>Tehokas lihasharjoittelu ei ole samankaltaista kuin esim. kest\u00e4vyysharjoittelu, eli itse\u00e4\u00e4n ei tarvitse piiskata hapoille tai sykkeen yl\u00e4rajoille. Sarjojen v\u00e4liss\u00e4 on hyv\u00e4 pit\u00e4\u00e4 kunnon tauko, 1,5-3 minuuttia, ett\u00e4 voit k\u00e4sitell\u00e4 isompia painoja ja saada paremman lihaksia kasvattavan signaalin. Voimaharjoittelussa on my\u00f6s hyvin oleellista antaa sarjoihin kaikkensa eik\u00e4 s\u00e4\u00e4stell\u00e4 tuleviin sarjoihin voimia. Periaatteessa yksi hyv\u00e4, aivan loppuun asti tehty sarja riitt\u00e4\u00e4 kehityksen kannalta.<br><br><\/p>\n\n\n\n<p>Seuraavaan kirjoitukseen ajattelin kirjoittaa oman arkeni auki treenien, ravinnon sek\u00e4 levon kannalta.<br><\/p>\n\n\n\n<p>Ens kertaan, voikaa vahvasti.<br><br>-J<\/p>\n\n\n\n<p><\/p>\n\n\n\n<ul class=\"wp-block-social-links is-layout-flex wp-block-social-links-is-layout-flex\"><li class=\"wp-social-link wp-social-link-youtube  wp-block-social-link\"><a href=\"https:\/\/www.youtube.com\/@Maskuliinisuus\" class=\"wp-block-social-link-anchor\"><svg width=\"24\" height=\"24\" viewBox=\"0 0 24 24\" version=\"1.1\" xmlns=\"http:\/\/www.w3.org\/2000\/svg\" aria-hidden=\"true\" focusable=\"false\"><path d=\"M21.8,8.001c0,0-0.195-1.378-0.795-1.985c-0.76-0.797-1.613-0.801-2.004-0.847c-2.799-0.202-6.997-0.202-6.997-0.202 h-0.009c0,0-4.198,0-6.997,0.202C4.608,5.216,3.756,5.22,2.995,6.016C2.395,6.623,2.2,8.001,2.2,8.001S2,9.62,2,11.238v1.517 c0,1.618,0.2,3.237,0.2,3.237s0.195,1.378,0.795,1.985c0.761,0.797,1.76,0.771,2.205,0.855c1.6,0.153,6.8,0.201,6.8,0.201 s4.203-0.006,7.001-0.209c0.391-0.047,1.243-0.051,2.004-0.847c0.6-0.607,0.795-1.985,0.795-1.985s0.2-1.618,0.2-3.237v-1.517 C22,9.62,21.8,8.001,21.8,8.001z M9.935,14.594l-0.001-5.62l5.404,2.82L9.935,14.594z\"><\/path><\/svg><span class=\"wp-block-social-link-label screen-reader-text\">YouTube<\/span><\/a><\/li>\n\n<li class=\"wp-social-link wp-social-link-instagram  wp-block-social-link\"><a href=\"https:\/\/www.instagram.com\/maskuliinisuus.fi\/\" class=\"wp-block-social-link-anchor\"><svg width=\"24\" height=\"24\" viewBox=\"0 0 24 24\" version=\"1.1\" xmlns=\"http:\/\/www.w3.org\/2000\/svg\" aria-hidden=\"true\" focusable=\"false\"><path d=\"M12,4.622c2.403,0,2.688,0.009,3.637,0.052c0.877,0.04,1.354,0.187,1.671,0.31c0.42,0.163,0.72,0.358,1.035,0.673 c0.315,0.315,0.51,0.615,0.673,1.035c0.123,0.317,0.27,0.794,0.31,1.671c0.043,0.949,0.052,1.234,0.052,3.637 s-0.009,2.688-0.052,3.637c-0.04,0.877-0.187,1.354-0.31,1.671c-0.163,0.42-0.358,0.72-0.673,1.035 c-0.315,0.315-0.615,0.51-1.035,0.673c-0.317,0.123-0.794,0.27-1.671,0.31c-0.949,0.043-1.233,0.052-3.637,0.052 s-2.688-0.009-3.637-0.052c-0.877-0.04-1.354-0.187-1.671-0.31c-0.42-0.163-0.72-0.358-1.035-0.673 c-0.315-0.315-0.51-0.615-0.673-1.035c-0.123-0.317-0.27-0.794-0.31-1.671C4.631,14.688,4.622,14.403,4.622,12 s0.009-2.688,0.052-3.637c0.04-0.877,0.187-1.354,0.31-1.671c0.163-0.42,0.358-0.72,0.673-1.035 c0.315-0.315,0.615-0.51,1.035-0.673c0.317-0.123,0.794-0.27,1.671-0.31C9.312,4.631,9.597,4.622,12,4.622 M12,3 C9.556,3,9.249,3.01,8.289,3.054C7.331,3.098,6.677,3.25,6.105,3.472C5.513,3.702,5.011,4.01,4.511,4.511 c-0.5,0.5-0.808,1.002-1.038,1.594C3.25,6.677,3.098,7.331,3.054,8.289C3.01,9.249,3,9.556,3,12c0,2.444,0.01,2.751,0.054,3.711 c0.044,0.958,0.196,1.612,0.418,2.185c0.23,0.592,0.538,1.094,1.038,1.594c0.5,0.5,1.002,0.808,1.594,1.038 c0.572,0.222,1.227,0.375,2.185,0.418C9.249,20.99,9.556,21,12,21s2.751-0.01,3.711-0.054c0.958-0.044,1.612-0.196,2.185-0.418 c0.592-0.23,1.094-0.538,1.594-1.038c0.5-0.5,0.808-1.002,1.038-1.594c0.222-0.572,0.375-1.227,0.418-2.185 C20.99,14.751,21,14.444,21,12s-0.01-2.751-0.054-3.711c-0.044-0.958-0.196-1.612-0.418-2.185c-0.23-0.592-0.538-1.094-1.038-1.594 c-0.5-0.5-1.002-0.808-1.594-1.038c-0.572-0.222-1.227-0.375-2.185-0.418C14.751,3.01,14.444,3,12,3L12,3z M12,7.378 c-2.552,0-4.622,2.069-4.622,4.622S9.448,16.622,12,16.622s4.622-2.069,4.622-4.622S14.552,7.378,12,7.378z M12,15 c-1.657,0-3-1.343-3-3s1.343-3,3-3s3,1.343,3,3S13.657,15,12,15z M16.804,6.116c-0.596,0-1.08,0.484-1.08,1.08 s0.484,1.08,1.08,1.08c0.596,0,1.08-0.484,1.08-1.08S17.401,6.116,16.804,6.116z\"><\/path><\/svg><span class=\"wp-block-social-link-label screen-reader-text\">Instagram<\/span><\/a><\/li><\/ul>\n\n\n<ul class=\"wp-block-page-list\"><li class=\"wp-block-pages-list__item\"><a class=\"wp-block-pages-list__item__link\" href=\"https:\/\/maskuliinisuus.fi\/index.php\/pyha-kolminaisuus\/\">Pyh\u00e4 kolminaisuus.<\/a><\/li><li class=\"wp-block-pages-list__item\"><a class=\"wp-block-pages-list__item__link\" href=\"https:\/\/maskuliinisuus.fi\/index.php\/tarkkana-ravinnon-kanssa\/\">Tarkkana ravinnon kanssa!<\/a><\/li><li class=\"wp-block-pages-list__item\"><a class=\"wp-block-pages-list__item__link\" href=\"https:\/\/maskuliinisuus.fi\/index.php\/treenaus\/\">Treenaus.<\/a><\/li><\/ul>","protected":false},"excerpt":{"rendered":"<p>Tervehdys! Edellisiss\u00e4 kirjoituksissa mainitsin ett\u00e4 salille ei ole pakko menn\u00e4 jos haluat testot nousuun. Jos olet esimerkiksi maanviljelij\u00e4 ja p\u00e4iv\u00e4si koostuu enemm\u00e4n tai v\u00e4hemm\u00e4n fyysisest\u00e4 ponnistelusta, saa kroppa signaalin ett\u00e4 testoa on lis\u00e4tt\u00e4v\u00e4 ett\u00e4 hommat toimii ja palautuminen tapahtuu. Jos nyt kuitenkin p\u00e4\u00e4t\u00e4t salille heilahtaa, mit\u00e4 suosittelen useimmille, lue seuraava. Kuntosali. Tuo mystinen paikka johon [&hellip;]<\/p>\n","protected":false},"author":1,"featured_media":0,"parent":0,"menu_order":0,"comment_status":"closed","ping_status":"closed","template":"","meta":{"footnotes":""},"class_list":["post-136","page","type-page","status-publish","hentry"],"yoast_head":"<!-- This site is optimized with the Yoast SEO plugin v27.1.1 - https:\/\/yoast.com\/product\/yoast-seo-wordpress\/ -->\n<title>Treenaus. - Maskuliinisuus<\/title>\n<meta name=\"robots\" content=\"index, follow, max-snippet:-1, max-image-preview:large, max-video-preview:-1\" \/>\n<link rel=\"canonical\" href=\"https:\/\/maskuliinisuus.fi\/index.php\/treenaus\/\" \/>\n<meta property=\"og:locale\" content=\"fi_FI\" \/>\n<meta property=\"og:type\" content=\"article\" \/>\n<meta property=\"og:title\" content=\"Treenaus. - Maskuliinisuus\" \/>\n<meta property=\"og:description\" content=\"Tervehdys! Edellisiss\u00e4 kirjoituksissa mainitsin ett\u00e4 salille ei ole pakko menn\u00e4 jos haluat testot nousuun. Jos olet esimerkiksi maanviljelij\u00e4 ja p\u00e4iv\u00e4si koostuu enemm\u00e4n tai v\u00e4hemm\u00e4n fyysisest\u00e4 ponnistelusta, saa kroppa signaalin ett\u00e4 testoa on lis\u00e4tt\u00e4v\u00e4 ett\u00e4 hommat toimii ja palautuminen tapahtuu. Jos nyt kuitenkin p\u00e4\u00e4t\u00e4t salille heilahtaa, mit\u00e4 suosittelen useimmille, lue seuraava. Kuntosali. Tuo mystinen paikka johon [&hellip;]\" \/>\n<meta property=\"og:url\" content=\"https:\/\/maskuliinisuus.fi\/index.php\/treenaus\/\" \/>\n<meta property=\"og:site_name\" content=\"Maskuliinisuus\" \/>\n<meta property=\"article:modified_time\" content=\"2026-03-29T13:22:14+00:00\" \/>\n<meta name=\"twitter:card\" content=\"summary_large_image\" \/>\n<meta name=\"twitter:label1\" content=\"Arvioitu lukuaika\" \/>\n\t<meta name=\"twitter:data1\" content=\"3 minuuttia\" \/>\n<script type=\"application\/ld+json\" class=\"yoast-schema-graph\">{\"@context\":\"https:\/\/schema.org\",\"@graph\":[{\"@type\":\"WebPage\",\"@id\":\"https:\/\/maskuliinisuus.fi\/index.php\/treenaus\/\",\"url\":\"https:\/\/maskuliinisuus.fi\/index.php\/treenaus\/\",\"name\":\"Treenaus. - Maskuliinisuus\",\"isPartOf\":{\"@id\":\"https:\/\/maskuliinisuus.fi\/#website\"},\"datePublished\":\"2026-03-29T13:15:39+00:00\",\"dateModified\":\"2026-03-29T13:22:14+00:00\",\"breadcrumb\":{\"@id\":\"https:\/\/maskuliinisuus.fi\/index.php\/treenaus\/#breadcrumb\"},\"inLanguage\":\"fi\",\"potentialAction\":[{\"@type\":\"ReadAction\",\"target\":[\"https:\/\/maskuliinisuus.fi\/index.php\/treenaus\/\"]}]},{\"@type\":\"BreadcrumbList\",\"@id\":\"https:\/\/maskuliinisuus.fi\/index.php\/treenaus\/#breadcrumb\",\"itemListElement\":[{\"@type\":\"ListItem\",\"position\":1,\"name\":\"Etusivu\",\"item\":\"https:\/\/maskuliinisuus.fi\/\"},{\"@type\":\"ListItem\",\"position\":2,\"name\":\"Treenaus.\"}]},{\"@type\":\"WebSite\",\"@id\":\"https:\/\/maskuliinisuus.fi\/#website\",\"url\":\"https:\/\/maskuliinisuus.fi\/\",\"name\":\"Maskuliinisuus\",\"description\":\"T\u00e4ss\u00e4 blogissa k\u00e4sitell\u00e4\u00e4n maskuliinisuutta ja sit\u00e4 miten tuon sinun luontaisen maskuliinisuuden saa her\u00e4\u00e4m\u00e4\u00e4n.\",\"publisher\":{\"@id\":\"https:\/\/maskuliinisuus.fi\/#\/schema\/person\/23816f2a382aa6abae2347c54e00457e\"},\"potentialAction\":[{\"@type\":\"SearchAction\",\"target\":{\"@type\":\"EntryPoint\",\"urlTemplate\":\"https:\/\/maskuliinisuus.fi\/?s={search_term_string}\"},\"query-input\":{\"@type\":\"PropertyValueSpecification\",\"valueRequired\":true,\"valueName\":\"search_term_string\"}}],\"inLanguage\":\"fi\"},{\"@type\":[\"Person\",\"Organization\"],\"@id\":\"https:\/\/maskuliinisuus.fi\/#\/schema\/person\/23816f2a382aa6abae2347c54e00457e\",\"name\":\"admin_maskulii\",\"image\":{\"@type\":\"ImageObject\",\"inLanguage\":\"fi\",\"@id\":\"https:\/\/maskuliinisuus.fi\/#\/schema\/person\/image\/\",\"url\":\"https:\/\/maskuliinisuus.fi\/wp-content\/uploads\/2026\/01\/file_00000000223071f4b5e6189ef954b994.png\",\"contentUrl\":\"https:\/\/maskuliinisuus.fi\/wp-content\/uploads\/2026\/01\/file_00000000223071f4b5e6189ef954b994.png\",\"width\":1536,\"height\":1024,\"caption\":\"admin_maskulii\"},\"logo\":{\"@id\":\"https:\/\/maskuliinisuus.fi\/#\/schema\/person\/image\/\"},\"sameAs\":[\"https:\/\/maskuliinisuus.fi\",\"https:\/\/www.instagram.com\/maskuliinisuus.fi\/\",\"www.youtube.com\/@Maskuliinisuus\"]}]}<\/script>\n<!-- \/ Yoast SEO plugin. -->","yoast_head_json":{"title":"Treenaus. - Maskuliinisuus","robots":{"index":"index","follow":"follow","max-snippet":"max-snippet:-1","max-image-preview":"max-image-preview:large","max-video-preview":"max-video-preview:-1"},"canonical":"https:\/\/maskuliinisuus.fi\/index.php\/treenaus\/","og_locale":"fi_FI","og_type":"article","og_title":"Treenaus. - Maskuliinisuus","og_description":"Tervehdys! Edellisiss\u00e4 kirjoituksissa mainitsin ett\u00e4 salille ei ole pakko menn\u00e4 jos haluat testot nousuun. Jos olet esimerkiksi maanviljelij\u00e4 ja p\u00e4iv\u00e4si koostuu enemm\u00e4n tai v\u00e4hemm\u00e4n fyysisest\u00e4 ponnistelusta, saa kroppa signaalin ett\u00e4 testoa on lis\u00e4tt\u00e4v\u00e4 ett\u00e4 hommat toimii ja palautuminen tapahtuu. Jos nyt kuitenkin p\u00e4\u00e4t\u00e4t salille heilahtaa, mit\u00e4 suosittelen useimmille, lue seuraava. Kuntosali. Tuo mystinen paikka johon [&hellip;]","og_url":"https:\/\/maskuliinisuus.fi\/index.php\/treenaus\/","og_site_name":"Maskuliinisuus","article_modified_time":"2026-03-29T13:22:14+00:00","twitter_card":"summary_large_image","twitter_misc":{"Arvioitu lukuaika":"3 minuuttia"},"schema":{"@context":"https:\/\/schema.org","@graph":[{"@type":"WebPage","@id":"https:\/\/maskuliinisuus.fi\/index.php\/treenaus\/","url":"https:\/\/maskuliinisuus.fi\/index.php\/treenaus\/","name":"Treenaus. - Maskuliinisuus","isPartOf":{"@id":"https:\/\/maskuliinisuus.fi\/#website"},"datePublished":"2026-03-29T13:15:39+00:00","dateModified":"2026-03-29T13:22:14+00:00","breadcrumb":{"@id":"https:\/\/maskuliinisuus.fi\/index.php\/treenaus\/#breadcrumb"},"inLanguage":"fi","potentialAction":[{"@type":"ReadAction","target":["https:\/\/maskuliinisuus.fi\/index.php\/treenaus\/"]}]},{"@type":"BreadcrumbList","@id":"https:\/\/maskuliinisuus.fi\/index.php\/treenaus\/#breadcrumb","itemListElement":[{"@type":"ListItem","position":1,"name":"Etusivu","item":"https:\/\/maskuliinisuus.fi\/"},{"@type":"ListItem","position":2,"name":"Treenaus."}]},{"@type":"WebSite","@id":"https:\/\/maskuliinisuus.fi\/#website","url":"https:\/\/maskuliinisuus.fi\/","name":"Maskuliinisuus","description":"T\u00e4ss\u00e4 blogissa k\u00e4sitell\u00e4\u00e4n maskuliinisuutta ja sit\u00e4 miten tuon sinun luontaisen maskuliinisuuden saa her\u00e4\u00e4m\u00e4\u00e4n.","publisher":{"@id":"https:\/\/maskuliinisuus.fi\/#\/schema\/person\/23816f2a382aa6abae2347c54e00457e"},"potentialAction":[{"@type":"SearchAction","target":{"@type":"EntryPoint","urlTemplate":"https:\/\/maskuliinisuus.fi\/?s={search_term_string}"},"query-input":{"@type":"PropertyValueSpecification","valueRequired":true,"valueName":"search_term_string"}}],"inLanguage":"fi"},{"@type":["Person","Organization"],"@id":"https:\/\/maskuliinisuus.fi\/#\/schema\/person\/23816f2a382aa6abae2347c54e00457e","name":"admin_maskulii","image":{"@type":"ImageObject","inLanguage":"fi","@id":"https:\/\/maskuliinisuus.fi\/#\/schema\/person\/image\/","url":"https:\/\/maskuliinisuus.fi\/wp-content\/uploads\/2026\/01\/file_00000000223071f4b5e6189ef954b994.png","contentUrl":"https:\/\/maskuliinisuus.fi\/wp-content\/uploads\/2026\/01\/file_00000000223071f4b5e6189ef954b994.png","width":1536,"height":1024,"caption":"admin_maskulii"},"logo":{"@id":"https:\/\/maskuliinisuus.fi\/#\/schema\/person\/image\/"},"sameAs":["https:\/\/maskuliinisuus.fi","https:\/\/www.instagram.com\/maskuliinisuus.fi\/","www.youtube.com\/@Maskuliinisuus"]}]}},"_links":{"self":[{"href":"https:\/\/maskuliinisuus.fi\/index.php\/wp-json\/wp\/v2\/pages\/136","targetHints":{"allow":["GET"]}}],"collection":[{"href":"https:\/\/maskuliinisuus.fi\/index.php\/wp-json\/wp\/v2\/pages"}],"about":[{"href":"https:\/\/maskuliinisuus.fi\/index.php\/wp-json\/wp\/v2\/types\/page"}],"author":[{"embeddable":true,"href":"https:\/\/maskuliinisuus.fi\/index.php\/wp-json\/wp\/v2\/users\/1"}],"replies":[{"embeddable":true,"href":"https:\/\/maskuliinisuus.fi\/index.php\/wp-json\/wp\/v2\/comments?post=136"}],"version-history":[{"count":3,"href":"https:\/\/maskuliinisuus.fi\/index.php\/wp-json\/wp\/v2\/pages\/136\/revisions"}],"predecessor-version":[{"id":141,"href":"https:\/\/maskuliinisuus.fi\/index.php\/wp-json\/wp\/v2\/pages\/136\/revisions\/141"}],"wp:attachment":[{"href":"https:\/\/maskuliinisuus.fi\/index.php\/wp-json\/wp\/v2\/media?parent=136"}],"curies":[{"name":"wp","href":"https:\/\/api.w.org\/{rel}","templated":true}]}}