{"id":73,"date":"2026-02-11T06:12:29","date_gmt":"2026-02-11T06:12:29","guid":{"rendered":"https:\/\/maskuliinisuus.fi\/?page_id=73"},"modified":"2026-02-11T06:33:56","modified_gmt":"2026-02-11T06:33:57","slug":"pyha-kolminaisuus","status":"publish","type":"page","link":"https:\/\/maskuliinisuus.fi\/index.php\/pyha-kolminaisuus\/","title":{"rendered":"Pyh\u00e4 kolminaisuus."},"content":{"rendered":"\n<figure class=\"wp-block-image size-large\"><img loading=\"lazy\" decoding=\"async\" width=\"1024\" height=\"683\" src=\"https:\/\/maskuliinisuus.fi\/wp-content\/uploads\/2026\/01\/file_00000000f9d071f49e20d264709a3593-1024x683.png\" alt=\"\" class=\"wp-image-46\" srcset=\"https:\/\/maskuliinisuus.fi\/wp-content\/uploads\/2026\/01\/file_00000000f9d071f49e20d264709a3593-1024x683.png 1024w, https:\/\/maskuliinisuus.fi\/wp-content\/uploads\/2026\/01\/file_00000000f9d071f49e20d264709a3593-300x200.png 300w, https:\/\/maskuliinisuus.fi\/wp-content\/uploads\/2026\/01\/file_00000000f9d071f49e20d264709a3593-768x512.png 768w, https:\/\/maskuliinisuus.fi\/wp-content\/uploads\/2026\/01\/file_00000000f9d071f49e20d264709a3593.png 1536w\" sizes=\"auto, (max-width: 1024px) 100vw, 1024px\" \/><\/figure>\n\n\n\n<p><\/p>\n\n\n\n<p>Tervehdys!<br><br>L\u00e4hdet\u00e4\u00e4n rakentamaan sinulle uutta, miehisemp\u00e4\u00e4 olemusta perusasioiden kautta. K\u00e4sittelen n\u00e4it\u00e4 asioita aluksi p\u00e4\u00e4tasolla ja syvennyn n\u00e4ihin tarkemmin tulevissa posteissa.&nbsp;<br><\/p>\n\n\n\n<ul class=\"wp-block-list\">\n<li>Ravinto<\/li>\n\n\n\n<li>Treeni(Ruumiillinen rasitus)<\/li>\n\n\n\n<li>Lepo<\/li>\n<\/ul>\n\n\n\n<p>Tuo pyh\u00e4 kolminaisuus her\u00e4tt\u00e4\u00e4 kroppasi tuottamaan testosteronia ja muita hyv\u00e4n olon hormoneita luonnollisesti.<br><br>Tuo kolminaisuus on jaettu monella tapaa t\u00e4rkeysj\u00e4rjestykseen aikojen saatossa. Jokainen yll\u00e4 mainituista osa-alueista on t\u00e4rke\u00e4, oli jako prosenteissa 33 &#8211; 33 &#8211; 33 , 40 &#8211; 30 &#8211; 40 tai jotain siit\u00e4 v\u00e4lilt\u00e4. Tosiasia on, ett\u00e4 nuo kolme peruspilaria tukevat sinua matkalla maskuliinisempaan olemukseen ja mielentilaan.&nbsp;<\/p>\n\n\n\n<p><br><br>Ravinto : T\u00e4rkeint\u00e4 on, ett\u00e4 ravinnon saanti on tasaista. Jos olet tottunut sy\u00f6m\u00e4\u00e4n p\u00e4ivitt\u00e4iset kalorit yhdess\u00e4 tai kahdessa ateriassa, jaa jatkossa p\u00e4ivitt\u00e4inen ravintosi 3-6 pienemp\u00e4\u00e4n ateriaan joissa jokaisessa turvaat proteiinin saannin.<br><br>Treeni : Treenill\u00e4 en v\u00e4ltt\u00e4m\u00e4tt\u00e4 tarkoita puntti,crossfit tms erikseen suoritettavia harjoitteita.<br>Kaikki tekeminen miss\u00e4 joudut ponnistella her\u00e4tt\u00e4\u00e4 kropan tuottamaan testosteronia ja muita hyv\u00e4\u00e4n ja maskuliiniseen oloon tarvittavia hormoneita. On tutkittu, ett\u00e4 halkojen hakkaus nostaa tehokkaimmin testosteroni arvoja joten salia ei tarvita jos sille ei ole aikaa tai kiinnostusta.&nbsp;<\/p>\n\n\n\n<p>Lepo : Uni on my\u00f6s eritt\u00e4in t\u00e4rke\u00e4 osa kolminaisuudesta, koska tuolloin tapahtuu palautuminen ja suurin osa miehen testosteronista syntyy nukkuessa. Jos uni on heikkoa tai liian lyhytt\u00e4, on esimerkiksi painonhallinta vaikeaa ja uuteen rasitukseen ei ole energiaa.&nbsp;<\/p>\n\n\n\n<p>Jos ei aamulla ole puuta, ei kroppa voi hyvin.<br><br>N\u00e4ill\u00e4 ajatuksilla uuteen p\u00e4iv\u00e4\u00e4n. Jos noihin p\u00e4\u00e4tasolla kiinnit\u00e4t huomiota ja parannat puutteellisia osioita, tulet huomaamaan eron olossa ja mielentilassa.<br><br>N\u00e4ihin palataan tarkemmin tulevissa posteissa.<br><br>Ens kertaan. Voikaa vahvasti.<br><br>J<\/p>\n\n\n\n<ul class=\"wp-block-social-links is-layout-flex wp-block-social-links-is-layout-flex\"><li class=\"wp-social-link wp-social-link-youtube  wp-block-social-link\"><a href=\"https:\/\/www.youtube.com\/@Maskuliinisuus\" class=\"wp-block-social-link-anchor\"><svg width=\"24\" height=\"24\" viewBox=\"0 0 24 24\" version=\"1.1\" xmlns=\"http:\/\/www.w3.org\/2000\/svg\" aria-hidden=\"true\" focusable=\"false\"><path d=\"M21.8,8.001c0,0-0.195-1.378-0.795-1.985c-0.76-0.797-1.613-0.801-2.004-0.847c-2.799-0.202-6.997-0.202-6.997-0.202 h-0.009c0,0-4.198,0-6.997,0.202C4.608,5.216,3.756,5.22,2.995,6.016C2.395,6.623,2.2,8.001,2.2,8.001S2,9.62,2,11.238v1.517 c0,1.618,0.2,3.237,0.2,3.237s0.195,1.378,0.795,1.985c0.761,0.797,1.76,0.771,2.205,0.855c1.6,0.153,6.8,0.201,6.8,0.201 s4.203-0.006,7.001-0.209c0.391-0.047,1.243-0.051,2.004-0.847c0.6-0.607,0.795-1.985,0.795-1.985s0.2-1.618,0.2-3.237v-1.517 C22,9.62,21.8,8.001,21.8,8.001z M9.935,14.594l-0.001-5.62l5.404,2.82L9.935,14.594z\"><\/path><\/svg><span class=\"wp-block-social-link-label screen-reader-text\">YouTube<\/span><\/a><\/li>\n\n<li class=\"wp-social-link wp-social-link-instagram  wp-block-social-link\"><a href=\"https:\/\/www.instagram.com\/maskuliinisuus.fi\/\" class=\"wp-block-social-link-anchor\"><svg width=\"24\" height=\"24\" viewBox=\"0 0 24 24\" version=\"1.1\" xmlns=\"http:\/\/www.w3.org\/2000\/svg\" aria-hidden=\"true\" focusable=\"false\"><path d=\"M12,4.622c2.403,0,2.688,0.009,3.637,0.052c0.877,0.04,1.354,0.187,1.671,0.31c0.42,0.163,0.72,0.358,1.035,0.673 c0.315,0.315,0.51,0.615,0.673,1.035c0.123,0.317,0.27,0.794,0.31,1.671c0.043,0.949,0.052,1.234,0.052,3.637 s-0.009,2.688-0.052,3.637c-0.04,0.877-0.187,1.354-0.31,1.671c-0.163,0.42-0.358,0.72-0.673,1.035 c-0.315,0.315-0.615,0.51-1.035,0.673c-0.317,0.123-0.794,0.27-1.671,0.31c-0.949,0.043-1.233,0.052-3.637,0.052 s-2.688-0.009-3.637-0.052c-0.877-0.04-1.354-0.187-1.671-0.31c-0.42-0.163-0.72-0.358-1.035-0.673 c-0.315-0.315-0.51-0.615-0.673-1.035c-0.123-0.317-0.27-0.794-0.31-1.671C4.631,14.688,4.622,14.403,4.622,12 s0.009-2.688,0.052-3.637c0.04-0.877,0.187-1.354,0.31-1.671c0.163-0.42,0.358-0.72,0.673-1.035 c0.315-0.315,0.615-0.51,1.035-0.673c0.317-0.123,0.794-0.27,1.671-0.31C9.312,4.631,9.597,4.622,12,4.622 M12,3 C9.556,3,9.249,3.01,8.289,3.054C7.331,3.098,6.677,3.25,6.105,3.472C5.513,3.702,5.011,4.01,4.511,4.511 c-0.5,0.5-0.808,1.002-1.038,1.594C3.25,6.677,3.098,7.331,3.054,8.289C3.01,9.249,3,9.556,3,12c0,2.444,0.01,2.751,0.054,3.711 c0.044,0.958,0.196,1.612,0.418,2.185c0.23,0.592,0.538,1.094,1.038,1.594c0.5,0.5,1.002,0.808,1.594,1.038 c0.572,0.222,1.227,0.375,2.185,0.418C9.249,20.99,9.556,21,12,21s2.751-0.01,3.711-0.054c0.958-0.044,1.612-0.196,2.185-0.418 c0.592-0.23,1.094-0.538,1.594-1.038c0.5-0.5,0.808-1.002,1.038-1.594c0.222-0.572,0.375-1.227,0.418-2.185 C20.99,14.751,21,14.444,21,12s-0.01-2.751-0.054-3.711c-0.044-0.958-0.196-1.612-0.418-2.185c-0.23-0.592-0.538-1.094-1.038-1.594 c-0.5-0.5-1.002-0.808-1.594-1.038c-0.572-0.222-1.227-0.375-2.185-0.418C14.751,3.01,14.444,3,12,3L12,3z M12,7.378 c-2.552,0-4.622,2.069-4.622,4.622S9.448,16.622,12,16.622s4.622-2.069,4.622-4.622S14.552,7.378,12,7.378z M12,15 c-1.657,0-3-1.343-3-3s1.343-3,3-3s3,1.343,3,3S13.657,15,12,15z M16.804,6.116c-0.596,0-1.08,0.484-1.08,1.08 s0.484,1.08,1.08,1.08c0.596,0,1.08-0.484,1.08-1.08S17.401,6.116,16.804,6.116z\"><\/path><\/svg><span class=\"wp-block-social-link-label screen-reader-text\">Instagram<\/span><\/a><\/li><\/ul>\n\n\n\n<p class=\"is-style-default\"><\/p>\n\n\n<ul class=\"wp-block-page-list\"><li class=\"wp-block-pages-list__item\"><a class=\"wp-block-pages-list__item__link\" href=\"https:\/\/maskuliinisuus.fi\/index.php\/pyha-kolminaisuus\/\">Pyh\u00e4 kolminaisuus.<\/a><\/li><li class=\"wp-block-pages-list__item\"><a class=\"wp-block-pages-list__item__link\" href=\"https:\/\/maskuliinisuus.fi\/index.php\/tarkkana-ravinnon-kanssa\/\">Tarkkana ravinnon kanssa!<\/a><\/li><li class=\"wp-block-pages-list__item\"><a class=\"wp-block-pages-list__item__link\" href=\"https:\/\/maskuliinisuus.fi\/index.php\/treenaus\/\">Treenaus.<\/a><\/li><\/ul>","protected":false},"excerpt":{"rendered":"<p>Tervehdys! L\u00e4hdet\u00e4\u00e4n rakentamaan sinulle uutta, miehisemp\u00e4\u00e4 olemusta perusasioiden kautta. K\u00e4sittelen n\u00e4it\u00e4 asioita aluksi p\u00e4\u00e4tasolla ja syvennyn n\u00e4ihin tarkemmin tulevissa posteissa.&nbsp; Tuo pyh\u00e4 kolminaisuus her\u00e4tt\u00e4\u00e4 kroppasi tuottamaan testosteronia ja muita hyv\u00e4n olon hormoneita luonnollisesti. Tuo kolminaisuus on jaettu monella tapaa t\u00e4rkeysj\u00e4rjestykseen aikojen saatossa. Jokainen yll\u00e4 mainituista osa-alueista on t\u00e4rke\u00e4, oli jako prosenteissa 33 &#8211; 33 &#8211; [&hellip;]<\/p>\n","protected":false},"author":1,"featured_media":0,"parent":0,"menu_order":0,"comment_status":"closed","ping_status":"closed","template":"","meta":{"footnotes":""},"class_list":["post-73","page","type-page","status-publish","hentry"],"yoast_head":"<!-- This site is optimized with the Yoast SEO plugin v27.1.1 - https:\/\/yoast.com\/product\/yoast-seo-wordpress\/ -->\n<title>Pyh\u00e4 kolminaisuus. - Maskuliinisuus<\/title>\n<meta name=\"description\" content=\"Hyvinvoinnin kolme peruspilaria. N\u00e4ill\u00e4 kolmella asialla saat maskuliinisuuden, testosteronin, ulkoisen olemuksen sek\u00e4 itsevarmuuden uudelle tasolle.\" \/>\n<meta name=\"robots\" content=\"index, follow, max-snippet:-1, max-image-preview:large, max-video-preview:-1\" \/>\n<link rel=\"canonical\" href=\"https:\/\/maskuliinisuus.fi\/index.php\/pyha-kolminaisuus\/\" \/>\n<meta property=\"og:locale\" content=\"fi_FI\" \/>\n<meta property=\"og:type\" content=\"article\" \/>\n<meta property=\"og:title\" content=\"Pyh\u00e4 kolminaisuus. - Maskuliinisuus\" \/>\n<meta property=\"og:description\" content=\"Hyvinvoinnin kolme peruspilaria. N\u00e4ill\u00e4 kolmella asialla saat maskuliinisuuden, testosteronin, ulkoisen olemuksen sek\u00e4 itsevarmuuden uudelle tasolle.\" \/>\n<meta property=\"og:url\" content=\"https:\/\/maskuliinisuus.fi\/index.php\/pyha-kolminaisuus\/\" \/>\n<meta property=\"og:site_name\" content=\"Maskuliinisuus\" \/>\n<meta property=\"article:modified_time\" content=\"2026-02-11T06:33:57+00:00\" \/>\n<meta property=\"og:image\" content=\"https:\/\/maskuliinisuus.fi\/wp-content\/uploads\/2026\/01\/file_00000000f9d071f49e20d264709a3593-1024x683.png\" \/>\n\t<meta property=\"og:image:width\" content=\"1024\" \/>\n\t<meta property=\"og:image:height\" content=\"683\" \/>\n\t<meta property=\"og:image:type\" content=\"image\/png\" \/>\n<meta name=\"twitter:card\" content=\"summary_large_image\" \/>\n<meta name=\"twitter:label1\" content=\"Arvioitu lukuaika\" \/>\n\t<meta name=\"twitter:data1\" content=\"2 minuuttia\" \/>\n<script type=\"application\/ld+json\" class=\"yoast-schema-graph\">{\"@context\":\"https:\/\/schema.org\",\"@graph\":[{\"@type\":\"Article\",\"@id\":\"https:\/\/maskuliinisuus.fi\/index.php\/pyha-kolminaisuus\/#article\",\"isPartOf\":{\"@id\":\"https:\/\/maskuliinisuus.fi\/index.php\/pyha-kolminaisuus\/\"},\"author\":{\"name\":\"admin_maskulii\",\"@id\":\"https:\/\/maskuliinisuus.fi\/#\/schema\/person\/23816f2a382aa6abae2347c54e00457e\"},\"headline\":\"Pyh\u00e4 kolminaisuus.\",\"datePublished\":\"2026-02-11T06:12:29+00:00\",\"dateModified\":\"2026-02-11T06:33:57+00:00\",\"mainEntityOfPage\":{\"@id\":\"https:\/\/maskuliinisuus.fi\/index.php\/pyha-kolminaisuus\/\"},\"wordCount\":269,\"publisher\":{\"@id\":\"https:\/\/maskuliinisuus.fi\/#\/schema\/person\/23816f2a382aa6abae2347c54e00457e\"},\"image\":{\"@id\":\"https:\/\/maskuliinisuus.fi\/index.php\/pyha-kolminaisuus\/#primaryimage\"},\"thumbnailUrl\":\"https:\/\/maskuliinisuus.fi\/wp-content\/uploads\/2026\/01\/file_00000000f9d071f49e20d264709a3593-1024x683.png\",\"inLanguage\":\"fi\"},{\"@type\":[\"WebPage\",\"AboutPage\"],\"@id\":\"https:\/\/maskuliinisuus.fi\/index.php\/pyha-kolminaisuus\/\",\"url\":\"https:\/\/maskuliinisuus.fi\/index.php\/pyha-kolminaisuus\/\",\"name\":\"Pyh\u00e4 kolminaisuus. - Maskuliinisuus\",\"isPartOf\":{\"@id\":\"https:\/\/maskuliinisuus.fi\/#website\"},\"primaryImageOfPage\":{\"@id\":\"https:\/\/maskuliinisuus.fi\/index.php\/pyha-kolminaisuus\/#primaryimage\"},\"image\":{\"@id\":\"https:\/\/maskuliinisuus.fi\/index.php\/pyha-kolminaisuus\/#primaryimage\"},\"thumbnailUrl\":\"https:\/\/maskuliinisuus.fi\/wp-content\/uploads\/2026\/01\/file_00000000f9d071f49e20d264709a3593-1024x683.png\",\"datePublished\":\"2026-02-11T06:12:29+00:00\",\"dateModified\":\"2026-02-11T06:33:57+00:00\",\"description\":\"Hyvinvoinnin kolme peruspilaria. N\u00e4ill\u00e4 kolmella asialla saat maskuliinisuuden, testosteronin, ulkoisen olemuksen sek\u00e4 itsevarmuuden uudelle tasolle.\",\"breadcrumb\":{\"@id\":\"https:\/\/maskuliinisuus.fi\/index.php\/pyha-kolminaisuus\/#breadcrumb\"},\"inLanguage\":\"fi\",\"potentialAction\":[{\"@type\":\"ReadAction\",\"target\":[\"https:\/\/maskuliinisuus.fi\/index.php\/pyha-kolminaisuus\/\"]}]},{\"@type\":\"ImageObject\",\"inLanguage\":\"fi\",\"@id\":\"https:\/\/maskuliinisuus.fi\/index.php\/pyha-kolminaisuus\/#primaryimage\",\"url\":\"https:\/\/maskuliinisuus.fi\/wp-content\/uploads\/2026\/01\/file_00000000f9d071f49e20d264709a3593.png\",\"contentUrl\":\"https:\/\/maskuliinisuus.fi\/wp-content\/uploads\/2026\/01\/file_00000000f9d071f49e20d264709a3593.png\",\"width\":1536,\"height\":1024},{\"@type\":\"BreadcrumbList\",\"@id\":\"https:\/\/maskuliinisuus.fi\/index.php\/pyha-kolminaisuus\/#breadcrumb\",\"itemListElement\":[{\"@type\":\"ListItem\",\"position\":1,\"name\":\"Etusivu\",\"item\":\"https:\/\/maskuliinisuus.fi\/\"},{\"@type\":\"ListItem\",\"position\":2,\"name\":\"Pyh\u00e4 kolminaisuus.\"}]},{\"@type\":\"WebSite\",\"@id\":\"https:\/\/maskuliinisuus.fi\/#website\",\"url\":\"https:\/\/maskuliinisuus.fi\/\",\"name\":\"Maskuliinisuus\",\"description\":\"T\u00e4ss\u00e4 blogissa k\u00e4sitell\u00e4\u00e4n maskuliinisuutta ja sit\u00e4 miten tuon sinun luontaisen maskuliinisuuden saa her\u00e4\u00e4m\u00e4\u00e4n.\",\"publisher\":{\"@id\":\"https:\/\/maskuliinisuus.fi\/#\/schema\/person\/23816f2a382aa6abae2347c54e00457e\"},\"potentialAction\":[{\"@type\":\"SearchAction\",\"target\":{\"@type\":\"EntryPoint\",\"urlTemplate\":\"https:\/\/maskuliinisuus.fi\/?s={search_term_string}\"},\"query-input\":{\"@type\":\"PropertyValueSpecification\",\"valueRequired\":true,\"valueName\":\"search_term_string\"}}],\"inLanguage\":\"fi\"},{\"@type\":[\"Person\",\"Organization\"],\"@id\":\"https:\/\/maskuliinisuus.fi\/#\/schema\/person\/23816f2a382aa6abae2347c54e00457e\",\"name\":\"admin_maskulii\",\"image\":{\"@type\":\"ImageObject\",\"inLanguage\":\"fi\",\"@id\":\"https:\/\/maskuliinisuus.fi\/#\/schema\/person\/image\/\",\"url\":\"https:\/\/maskuliinisuus.fi\/wp-content\/uploads\/2026\/01\/file_00000000223071f4b5e6189ef954b994.png\",\"contentUrl\":\"https:\/\/maskuliinisuus.fi\/wp-content\/uploads\/2026\/01\/file_00000000223071f4b5e6189ef954b994.png\",\"width\":1536,\"height\":1024,\"caption\":\"admin_maskulii\"},\"logo\":{\"@id\":\"https:\/\/maskuliinisuus.fi\/#\/schema\/person\/image\/\"},\"sameAs\":[\"https:\/\/maskuliinisuus.fi\",\"https:\/\/www.instagram.com\/maskuliinisuus.fi\/\",\"www.youtube.com\/@Maskuliinisuus\"],\"url\":\"https:\/\/maskuliinisuus.fi\/index.php\/author\/admin_maskulii\/\"}]}<\/script>\n<!-- \/ Yoast SEO plugin. -->","yoast_head_json":{"title":"Pyh\u00e4 kolminaisuus. - Maskuliinisuus","description":"Hyvinvoinnin kolme peruspilaria. N\u00e4ill\u00e4 kolmella asialla saat maskuliinisuuden, testosteronin, ulkoisen olemuksen sek\u00e4 itsevarmuuden uudelle tasolle.","robots":{"index":"index","follow":"follow","max-snippet":"max-snippet:-1","max-image-preview":"max-image-preview:large","max-video-preview":"max-video-preview:-1"},"canonical":"https:\/\/maskuliinisuus.fi\/index.php\/pyha-kolminaisuus\/","og_locale":"fi_FI","og_type":"article","og_title":"Pyh\u00e4 kolminaisuus. - Maskuliinisuus","og_description":"Hyvinvoinnin kolme peruspilaria. N\u00e4ill\u00e4 kolmella asialla saat maskuliinisuuden, testosteronin, ulkoisen olemuksen sek\u00e4 itsevarmuuden uudelle tasolle.","og_url":"https:\/\/maskuliinisuus.fi\/index.php\/pyha-kolminaisuus\/","og_site_name":"Maskuliinisuus","article_modified_time":"2026-02-11T06:33:57+00:00","og_image":[{"width":1024,"height":683,"url":"https:\/\/maskuliinisuus.fi\/wp-content\/uploads\/2026\/01\/file_00000000f9d071f49e20d264709a3593-1024x683.png","type":"image\/png"}],"twitter_card":"summary_large_image","twitter_misc":{"Arvioitu lukuaika":"2 minuuttia"},"schema":{"@context":"https:\/\/schema.org","@graph":[{"@type":"Article","@id":"https:\/\/maskuliinisuus.fi\/index.php\/pyha-kolminaisuus\/#article","isPartOf":{"@id":"https:\/\/maskuliinisuus.fi\/index.php\/pyha-kolminaisuus\/"},"author":{"name":"admin_maskulii","@id":"https:\/\/maskuliinisuus.fi\/#\/schema\/person\/23816f2a382aa6abae2347c54e00457e"},"headline":"Pyh\u00e4 kolminaisuus.","datePublished":"2026-02-11T06:12:29+00:00","dateModified":"2026-02-11T06:33:57+00:00","mainEntityOfPage":{"@id":"https:\/\/maskuliinisuus.fi\/index.php\/pyha-kolminaisuus\/"},"wordCount":269,"publisher":{"@id":"https:\/\/maskuliinisuus.fi\/#\/schema\/person\/23816f2a382aa6abae2347c54e00457e"},"image":{"@id":"https:\/\/maskuliinisuus.fi\/index.php\/pyha-kolminaisuus\/#primaryimage"},"thumbnailUrl":"https:\/\/maskuliinisuus.fi\/wp-content\/uploads\/2026\/01\/file_00000000f9d071f49e20d264709a3593-1024x683.png","inLanguage":"fi"},{"@type":["WebPage","AboutPage"],"@id":"https:\/\/maskuliinisuus.fi\/index.php\/pyha-kolminaisuus\/","url":"https:\/\/maskuliinisuus.fi\/index.php\/pyha-kolminaisuus\/","name":"Pyh\u00e4 kolminaisuus. - Maskuliinisuus","isPartOf":{"@id":"https:\/\/maskuliinisuus.fi\/#website"},"primaryImageOfPage":{"@id":"https:\/\/maskuliinisuus.fi\/index.php\/pyha-kolminaisuus\/#primaryimage"},"image":{"@id":"https:\/\/maskuliinisuus.fi\/index.php\/pyha-kolminaisuus\/#primaryimage"},"thumbnailUrl":"https:\/\/maskuliinisuus.fi\/wp-content\/uploads\/2026\/01\/file_00000000f9d071f49e20d264709a3593-1024x683.png","datePublished":"2026-02-11T06:12:29+00:00","dateModified":"2026-02-11T06:33:57+00:00","description":"Hyvinvoinnin kolme peruspilaria. N\u00e4ill\u00e4 kolmella asialla saat maskuliinisuuden, testosteronin, ulkoisen olemuksen sek\u00e4 itsevarmuuden uudelle tasolle.","breadcrumb":{"@id":"https:\/\/maskuliinisuus.fi\/index.php\/pyha-kolminaisuus\/#breadcrumb"},"inLanguage":"fi","potentialAction":[{"@type":"ReadAction","target":["https:\/\/maskuliinisuus.fi\/index.php\/pyha-kolminaisuus\/"]}]},{"@type":"ImageObject","inLanguage":"fi","@id":"https:\/\/maskuliinisuus.fi\/index.php\/pyha-kolminaisuus\/#primaryimage","url":"https:\/\/maskuliinisuus.fi\/wp-content\/uploads\/2026\/01\/file_00000000f9d071f49e20d264709a3593.png","contentUrl":"https:\/\/maskuliinisuus.fi\/wp-content\/uploads\/2026\/01\/file_00000000f9d071f49e20d264709a3593.png","width":1536,"height":1024},{"@type":"BreadcrumbList","@id":"https:\/\/maskuliinisuus.fi\/index.php\/pyha-kolminaisuus\/#breadcrumb","itemListElement":[{"@type":"ListItem","position":1,"name":"Etusivu","item":"https:\/\/maskuliinisuus.fi\/"},{"@type":"ListItem","position":2,"name":"Pyh\u00e4 kolminaisuus."}]},{"@type":"WebSite","@id":"https:\/\/maskuliinisuus.fi\/#website","url":"https:\/\/maskuliinisuus.fi\/","name":"Maskuliinisuus","description":"T\u00e4ss\u00e4 blogissa k\u00e4sitell\u00e4\u00e4n maskuliinisuutta ja sit\u00e4 miten tuon sinun luontaisen maskuliinisuuden saa her\u00e4\u00e4m\u00e4\u00e4n.","publisher":{"@id":"https:\/\/maskuliinisuus.fi\/#\/schema\/person\/23816f2a382aa6abae2347c54e00457e"},"potentialAction":[{"@type":"SearchAction","target":{"@type":"EntryPoint","urlTemplate":"https:\/\/maskuliinisuus.fi\/?s={search_term_string}"},"query-input":{"@type":"PropertyValueSpecification","valueRequired":true,"valueName":"search_term_string"}}],"inLanguage":"fi"},{"@type":["Person","Organization"],"@id":"https:\/\/maskuliinisuus.fi\/#\/schema\/person\/23816f2a382aa6abae2347c54e00457e","name":"admin_maskulii","image":{"@type":"ImageObject","inLanguage":"fi","@id":"https:\/\/maskuliinisuus.fi\/#\/schema\/person\/image\/","url":"https:\/\/maskuliinisuus.fi\/wp-content\/uploads\/2026\/01\/file_00000000223071f4b5e6189ef954b994.png","contentUrl":"https:\/\/maskuliinisuus.fi\/wp-content\/uploads\/2026\/01\/file_00000000223071f4b5e6189ef954b994.png","width":1536,"height":1024,"caption":"admin_maskulii"},"logo":{"@id":"https:\/\/maskuliinisuus.fi\/#\/schema\/person\/image\/"},"sameAs":["https:\/\/maskuliinisuus.fi","https:\/\/www.instagram.com\/maskuliinisuus.fi\/","www.youtube.com\/@Maskuliinisuus"],"url":"https:\/\/maskuliinisuus.fi\/index.php\/author\/admin_maskulii\/"}]}},"_links":{"self":[{"href":"https:\/\/maskuliinisuus.fi\/index.php\/wp-json\/wp\/v2\/pages\/73","targetHints":{"allow":["GET"]}}],"collection":[{"href":"https:\/\/maskuliinisuus.fi\/index.php\/wp-json\/wp\/v2\/pages"}],"about":[{"href":"https:\/\/maskuliinisuus.fi\/index.php\/wp-json\/wp\/v2\/types\/page"}],"author":[{"embeddable":true,"href":"https:\/\/maskuliinisuus.fi\/index.php\/wp-json\/wp\/v2\/users\/1"}],"replies":[{"embeddable":true,"href":"https:\/\/maskuliinisuus.fi\/index.php\/wp-json\/wp\/v2\/comments?post=73"}],"version-history":[{"count":5,"href":"https:\/\/maskuliinisuus.fi\/index.php\/wp-json\/wp\/v2\/pages\/73\/revisions"}],"predecessor-version":[{"id":81,"href":"https:\/\/maskuliinisuus.fi\/index.php\/wp-json\/wp\/v2\/pages\/73\/revisions\/81"}],"wp:attachment":[{"href":"https:\/\/maskuliinisuus.fi\/index.php\/wp-json\/wp\/v2\/media?parent=73"}],"curies":[{"name":"wp","href":"https:\/\/api.w.org\/{rel}","templated":true}]}}